{"id":265,"date":"2023-03-16T09:46:01","date_gmt":"2023-03-16T08:46:01","guid":{"rendered":"http:\/\/www.expo-koengen.de\/?page_id=265"},"modified":"2023-05-05T07:47:33","modified_gmt":"2023-05-05T05:47:33","slug":"philosophie","status":"publish","type":"page","link":"https:\/\/www.bds-koengen.de\/index.php\/philosophie\/","title":{"rendered":"\u00dcBER UNS"},"content":{"rendered":"\t\t<div data-elementor-type=\"wp-page\" data-elementor-id=\"265\" class=\"elementor elementor-265\">\n\t\t\t\t\t\t\t\t\t<section class=\"elementor-section elementor-top-section elementor-element elementor-element-aacac7a elementor-section-boxed elementor-section-height-default elementor-section-height-default parallax_section_no qode_elementor_container_no\" data-id=\"aacac7a\" data-element_type=\"section\">\n\t\t\t\t\t\t<div class=\"elementor-container elementor-column-gap-default\">\n\t\t\t\t\t<div class=\"elementor-column elementor-col-100 elementor-top-column elementor-element elementor-element-cfc6d7c\" data-id=\"cfc6d7c\" data-element_type=\"column\">\n\t\t\t<div class=\"elementor-widget-wrap\">\n\t\t\t\t\t\t\t\t\t<\/div>\n\t\t<\/div>\n\t\t\t\t\t\t\t<\/div>\n\t\t<\/section>\n\t\t\t\t<section class=\"elementor-section elementor-top-section elementor-element elementor-element-596107b elementor-section-boxed elementor-section-height-default elementor-section-height-default parallax_section_no qode_elementor_container_no\" data-id=\"596107b\" data-element_type=\"section\">\n\t\t\t\t\t\t<div class=\"elementor-container elementor-column-gap-default\">\n\t\t\t\t\t<div class=\"elementor-column elementor-col-100 elementor-top-column elementor-element elementor-element-62fbc5d\" data-id=\"62fbc5d\" data-element_type=\"column\">\n\t\t\t<div class=\"elementor-widget-wrap elementor-element-populated\">\n\t\t\t\t\t\t\t\t<div class=\"elementor-element elementor-element-2960981 elementor-widget__width-inherit elementor-widget elementor-widget-heading\" data-id=\"2960981\" data-element_type=\"widget\" data-widget_type=\"heading.default\">\n\t\t\t\t<div class=\"elementor-widget-container\">\n\t\t\t<style>\/*! elementor - v3.11.5 - 14-03-2023 *\/\n.elementor-heading-title{padding:0;margin:0;line-height:1}.elementor-widget-heading .elementor-heading-title[class*=elementor-size-]>a{color:inherit;font-size:inherit;line-height:inherit}.elementor-widget-heading .elementor-heading-title.elementor-size-small{font-size:15px}.elementor-widget-heading .elementor-heading-title.elementor-size-medium{font-size:19px}.elementor-widget-heading .elementor-heading-title.elementor-size-large{font-size:29px}.elementor-widget-heading .elementor-heading-title.elementor-size-xl{font-size:39px}.elementor-widget-heading .elementor-heading-title.elementor-size-xxl{font-size:59px}<\/style><h3 class=\"elementor-heading-title elementor-size-default\">ZUSAMMEN SIND WIR 1<\/h3>\t\t<\/div>\n\t\t\t\t<\/div>\n\t\t\t\t<div class=\"elementor-element elementor-element-752d01d elementor-widget elementor-widget-heading\" data-id=\"752d01d\" data-element_type=\"widget\" data-widget_type=\"heading.default\">\n\t\t\t\t<div class=\"elementor-widget-container\">\n\t\t\t<h3 class=\"elementor-heading-title elementor-size-default\">zusammen sind wir BDS<\/h3>\t\t<\/div>\n\t\t\t\t<\/div>\n\t\t\t\t<div class=\"elementor-element elementor-element-e542ff2 elementor-widget elementor-widget-spacer\" data-id=\"e542ff2\" data-element_type=\"widget\" data-widget_type=\"spacer.default\">\n\t\t\t\t<div class=\"elementor-widget-container\">\n\t\t\t<style>\/*! elementor - v3.11.5 - 14-03-2023 *\/\n.elementor-column .elementor-spacer-inner{height:var(--spacer-size)}.e-con{--container-widget-width:100%}.e-con-inner>.elementor-widget-spacer,.e-con>.elementor-widget-spacer{width:var(--container-widget-width,var(--spacer-size));--align-self:var(--container-widget-align-self,initial);--flex-shrink:0}.e-con-inner>.elementor-widget-spacer>.elementor-widget-container,.e-con-inner>.elementor-widget-spacer>.elementor-widget-container>.elementor-spacer,.e-con>.elementor-widget-spacer>.elementor-widget-container,.e-con>.elementor-widget-spacer>.elementor-widget-container>.elementor-spacer{height:100%}.e-con-inner>.elementor-widget-spacer>.elementor-widget-container>.elementor-spacer>.elementor-spacer-inner,.e-con>.elementor-widget-spacer>.elementor-widget-container>.elementor-spacer>.elementor-spacer-inner{height:var(--container-widget-height,var(--spacer-size))}<\/style>\t\t<div class=\"elementor-spacer\">\n\t\t\t<div class=\"elementor-spacer-inner\"><\/div>\n\t\t<\/div>\n\t\t\t\t<\/div>\n\t\t\t\t<\/div>\n\t\t\t\t\t<\/div>\n\t\t<\/div>\n\t\t\t\t\t\t\t<\/div>\n\t\t<\/section>\n\t\t\t\t<section class=\"elementor-section elementor-top-section elementor-element elementor-element-b0ff08a elementor-section-boxed elementor-section-height-default elementor-section-height-default parallax_section_no qode_elementor_container_no\" data-id=\"b0ff08a\" data-element_type=\"section\">\n\t\t\t\t\t\t<div class=\"elementor-container elementor-column-gap-default\">\n\t\t\t\t\t<div class=\"elementor-column elementor-col-100 elementor-top-column elementor-element elementor-element-a26478c\" data-id=\"a26478c\" data-element_type=\"column\">\n\t\t\t<div class=\"elementor-widget-wrap elementor-element-populated\">\n\t\t\t\t\t\t\t\t<div class=\"elementor-element elementor-element-5165a2d elementor-widget elementor-widget-text-editor\" data-id=\"5165a2d\" data-element_type=\"widget\" data-widget_type=\"text-editor.default\">\n\t\t\t\t<div class=\"elementor-widget-container\">\n\t\t\t<style>\/*! elementor - v3.11.5 - 14-03-2023 *\/\n.elementor-widget-text-editor.elementor-drop-cap-view-stacked .elementor-drop-cap{background-color:#818a91;color:#fff}.elementor-widget-text-editor.elementor-drop-cap-view-framed .elementor-drop-cap{color:#818a91;border:3px solid;background-color:transparent}.elementor-widget-text-editor:not(.elementor-drop-cap-view-default) .elementor-drop-cap{margin-top:8px}.elementor-widget-text-editor:not(.elementor-drop-cap-view-default) .elementor-drop-cap-letter{width:1em;height:1em}.elementor-widget-text-editor .elementor-drop-cap{float:left;text-align:center;line-height:1;font-size:50px}.elementor-widget-text-editor .elementor-drop-cap-letter{display:inline-block}<\/style>\t\t\t\t<div id=\"rightleft\"><h6><span style=\"font-size: large;\"><span style=\"font-family: Arial;\">B odenst\u00e4ndig<br \/><\/span><\/span><span style=\"font-size: large;\"><span style=\"font-family: Arial;\">D ienstbereit<br \/><\/span><\/span><span style=\"font-size: large;\"><span style=\"font-family: Arial;\">S chw\u00e4bisch (nicht nur)<\/span><\/span><\/h6><p>\u00a0<\/p><p><span style=\"font-size: large;\"><span style=\"font-family: Arial;\">k\u00f6nnen aber viel mehr, und das seit <\/span><\/span><span style=\"font-family: Arial;\">125<span style=\"font-size: large;\"> Jahren.<br \/><\/span><\/span><span style=\"font-family: Skia, Verdana, Helvetica, Arial;\"><br \/><\/span><span style=\"font-size: large;\"><span style=\"font-family: Arial;\">Der Bund der Selbst\u00e4ndigen, Gewerbe- und Handelsverein K\u00f6ngen e.V. strebt den Zusammenschluss aller Gewerbetreibenden (Industrie, Handel, Handwerk, Dienstleister\/Freiberufler, Gesundheitseinrichtungen) des Ortes zur Wahrnehmung und Durchsetzung der Interessen der kleinen und mittelst\u00e4ndischen Betriebe auf \u00f6rtlicher Ebene, an.<br \/>Gemeinsam sind wir st\u00e4rker in der Pr\u00e4sentation unserer Angebote, schaffen Identifikation mit unserem Standort und geben unseren Anliegen in der \u00d6ffentlichkeit Gewicht.<br \/><\/span><\/span><\/p><h4 align=\"left\"><span style=\"font-family: Arial;\"><span class=\"Stil6\">individuell, vielseitig, leistungsstark<\/span><\/span><\/h4><p align=\"left\"><span style=\"font-size: large;\"><span style=\"font-family: Arial;\">Gleichzeitig soll aber auch die Individualit\u00e4t und Leistungsst\u00e4rke unserer Betriebe herausgestellt werden, in gemeinsamen Aktivit\u00e4ten, wie<\/span><\/span><span style=\"font-family: Arial;\"> <span style=\"font-size: large;\">Zukunftstag f\u00fcr die Gewinnung von Nachwuchs <br \/>und Fachkr\u00e4ften, Gesundheitstag, Leistungsschau f\u00fcr das Handwerk, Fachvortr\u00e4ge usw.<br \/><\/span><\/span><span style=\"font-family: Skia, Verdana, Helvetica, Arial;\"><br \/><\/span><span style=\"font-size: large;\"><span style=\"font-family: Arial;\">Die Gemeinsamkeit wird gef\u00f6rdert durch Ausfl\u00fcge, Betriebsbesichtigungen und weitere gesellige Veranstaltungen.<br \/><\/span><\/span><span style=\"font-family: Skia, Verdana, Helvetica, Arial;\"><br \/><\/span><span style=\"font-size: large;\"><span style=\"font-family: Arial;\">Durch die enge Verbindung mit dem BDS Kreis- und Landes-Verband k\u00f6nen dessen Angebote ebenfalls genutzt werden wie z.B. Verg\u00fcnstigungen beim KFZ-Kauf und bei GEMA-Geb\u00fchren sowie Teilnahme an \u00fcberregionalen Veranstaltungen und die Nutzung der zentral angebotenen Leistungen vom Landesverband (zentrale Mitgliederverwaltung, Firmen-Online-Pr\u00e4sentation, Beratungsleistungen, etc.).<br \/><\/span><\/span><span style=\"font-family: Skia, Verdana, Helvetica, Arial;\"><br \/><\/span><span style=\"font-size: large;\"><span style=\"font-family: Arial;\"><span class=\"Stil8\">Wir wollen ein Forum sein f\u00fcr alle selbst\u00e4ndig T\u00e4tigen und deren Kunden. <br \/><\/span><\/span><\/span><\/p><p align=\"left\"><span style=\"font-size: large;\"><span style=\"font-family: Arial;\"><span class=\"Stil8\">\u00a0<\/span><\/span><\/span><\/p><p align=\"left\"><span style=\"font-size: large;\"><span style=\"font-family: Arial;\"><span class=\"Stil8\">\u00a0<\/span><\/span><\/span><\/p><\/div>\t\t\t\t\t\t<\/div>\n\t\t\t\t<\/div>\n\t\t\t\t\t<\/div>\n\t\t<\/div>\n\t\t\t\t\t\t\t<\/div>\n\t\t<\/section>\n\t\t\t\t<section class=\"elementor-section elementor-top-section elementor-element elementor-element-6743e8d elementor-section-boxed elementor-section-height-default elementor-section-height-default parallax_section_no qode_elementor_container_no\" data-id=\"6743e8d\" data-element_type=\"section\">\n\t\t\t\t\t\t<div class=\"elementor-container elementor-column-gap-default\">\n\t\t\t\t\t<div class=\"elementor-column elementor-col-100 elementor-top-column elementor-element elementor-element-13c60a3\" data-id=\"13c60a3\" data-element_type=\"column\">\n\t\t\t<div class=\"elementor-widget-wrap elementor-element-populated\">\n\t\t\t\t\t\t\t\t<div class=\"elementor-element elementor-element-7f7cc46 elementor-widget elementor-widget-image\" data-id=\"7f7cc46\" data-element_type=\"widget\" data-widget_type=\"image.default\">\n\t\t\t\t<div class=\"elementor-widget-container\">\n\t\t\t<style>\/*! elementor - v3.11.5 - 14-03-2023 *\/\n.elementor-widget-image{text-align:center}.elementor-widget-image a{display:inline-block}.elementor-widget-image a img[src$=\".svg\"]{width:48px}.elementor-widget-image img{vertical-align:middle;display:inline-block}<\/style>\t\t\t\t\t\t\t\t\t\t\t\t<img loading=\"lazy\" decoding=\"async\" width=\"272\" height=\"90\" src=\"https:\/\/www.bds-koengen.de\/wp-content\/uploads\/2023\/05\/bds-logo.png\" class=\"attachment-large size-large wp-image-1196\" alt=\"BDS Landesverband\" \/>\t\t\t\t\t\t\t\t\t\t\t\t\t\t\t<\/div>\n\t\t\t\t<\/div>\n\t\t\t\t<div class=\"elementor-element elementor-element-a75791e elementor-widget elementor-widget-text-editor\" data-id=\"a75791e\" data-element_type=\"widget\" data-widget_type=\"text-editor.default\">\n\t\t\t\t<div class=\"elementor-widget-container\">\n\t\t\t\t\t\t\t<p>\u00a0<\/p><p>\u00a0<\/p><p>Hier gehts zum Landesverband:<\/p><p><a href=\"https:\/\/bds-bw.de\/\">www.bds-bw.de<\/a><\/p>\t\t\t\t\t\t<\/div>\n\t\t\t\t<\/div>\n\t\t\t\t\t<\/div>\n\t\t<\/div>\n\t\t\t\t\t\t\t<\/div>\n\t\t<\/section>\n\t\t\t\t\t\t\t<\/div>\n\t\t","protected":false},"excerpt":{"rendered":"<p>ZUSAMMEN SIND WIR 1 zusammen sind wir BDS B odenst\u00e4ndig D ienstbereit S chw\u00e4bisch (nicht nur) k\u00f6nnen aber viel mehr, und das seit 125 Jahren. Der Bund der Selbst\u00e4ndigen, Gewerbe- und Handelsverein K\u00f6ngen e.V. strebt den Zusammenschluss aller Gewerbetreibenden (Industrie, Handel, Handwerk, Dienstleister\/Freiberufler, Gesundheitseinrichtungen) des&#8230;<\/p>\n","protected":false},"author":1,"featured_media":0,"parent":0,"menu_order":0,"comment_status":"closed","ping_status":"closed","template":"","meta":{"footnotes":""},"class_list":["post-265","page","type-page","status-publish","hentry"],"_links":{"self":[{"href":"https:\/\/www.bds-koengen.de\/index.php\/wp-json\/wp\/v2\/pages\/265","targetHints":{"allow":["GET"]}}],"collection":[{"href":"https:\/\/www.bds-koengen.de\/index.php\/wp-json\/wp\/v2\/pages"}],"about":[{"href":"https:\/\/www.bds-koengen.de\/index.php\/wp-json\/wp\/v2\/types\/page"}],"author":[{"embeddable":true,"href":"https:\/\/www.bds-koengen.de\/index.php\/wp-json\/wp\/v2\/users\/1"}],"replies":[{"embeddable":true,"href":"https:\/\/www.bds-koengen.de\/index.php\/wp-json\/wp\/v2\/comments?post=265"}],"version-history":[{"count":35,"href":"https:\/\/www.bds-koengen.de\/index.php\/wp-json\/wp\/v2\/pages\/265\/revisions"}],"predecessor-version":[{"id":1233,"href":"https:\/\/www.bds-koengen.de\/index.php\/wp-json\/wp\/v2\/pages\/265\/revisions\/1233"}],"wp:attachment":[{"href":"https:\/\/www.bds-koengen.de\/index.php\/wp-json\/wp\/v2\/media?parent=265"}],"curies":[{"name":"wp","href":"https:\/\/api.w.org\/{rel}","templated":true}]}}