{"id":590,"date":"2023-03-22T22:13:08","date_gmt":"2023-03-22T21:13:08","guid":{"rendered":"http:\/\/www.expo-koengen.de\/?page_id=590"},"modified":"2023-06-27T11:10:32","modified_gmt":"2023-06-27T09:10:32","slug":"gesundheit","status":"publish","type":"page","link":"http:\/\/www.bds-koengen.de\/index.php\/gesundheit\/","title":{"rendered":"Gesundheit"},"content":{"rendered":"\t\t<div data-elementor-type=\"wp-page\" data-elementor-id=\"590\" class=\"elementor elementor-590\">\n\t\t\t\t\t\t\t\t\t<section class=\"elementor-section elementor-top-section elementor-element elementor-element-ce936b6 elementor-section-boxed elementor-section-height-default elementor-section-height-default parallax_section_no qode_elementor_container_no\" data-id=\"ce936b6\" data-element_type=\"section\">\n\t\t\t\t\t\t<div class=\"elementor-container elementor-column-gap-wider\">\n\t\t\t\t\t<div class=\"elementor-column elementor-col-33 elementor-top-column elementor-element elementor-element-310b345\" data-id=\"310b345\" data-element_type=\"column\">\n\t\t\t<div class=\"elementor-widget-wrap elementor-element-populated\">\n\t\t\t\t\t\t\t\t<div class=\"elementor-element elementor-element-aea912c elementor-widget elementor-widget-image\" data-id=\"aea912c\" data-element_type=\"widget\" data-widget_type=\"image.default\">\n\t\t\t\t<div class=\"elementor-widget-container\">\n\t\t\t<style>\/*! elementor - v3.11.5 - 14-03-2023 *\/\n.elementor-widget-image{text-align:center}.elementor-widget-image a{display:inline-block}.elementor-widget-image a img[src$=\".svg\"]{width:48px}.elementor-widget-image img{vertical-align:middle;display:inline-block}<\/style>\t\t\t\t\t\t\t\t\t\t\t\t<img loading=\"lazy\" decoding=\"async\" width=\"300\" height=\"181\" src=\"http:\/\/www.bds-koengen.de\/wp-content\/uploads\/2023\/03\/hirschapotheke.png\" class=\"attachment-medium size-medium wp-image-600\" alt=\"\" \/>\t\t\t\t\t\t\t\t\t\t\t\t\t\t\t<\/div>\n\t\t\t\t<\/div>\n\t\t\t\t<div class=\"elementor-element elementor-element-d31dc4d elementor-widget elementor-widget-heading\" data-id=\"d31dc4d\" data-element_type=\"widget\" data-widget_type=\"heading.default\">\n\t\t\t\t<div class=\"elementor-widget-container\">\n\t\t\t<style>\/*! elementor - v3.11.5 - 14-03-2023 *\/\n.elementor-heading-title{padding:0;margin:0;line-height:1}.elementor-widget-heading .elementor-heading-title[class*=elementor-size-]>a{color:inherit;font-size:inherit;line-height:inherit}.elementor-widget-heading .elementor-heading-title.elementor-size-small{font-size:15px}.elementor-widget-heading .elementor-heading-title.elementor-size-medium{font-size:19px}.elementor-widget-heading .elementor-heading-title.elementor-size-large{font-size:29px}.elementor-widget-heading .elementor-heading-title.elementor-size-xl{font-size:39px}.elementor-widget-heading .elementor-heading-title.elementor-size-xxl{font-size:59px}<\/style><h6 class=\"elementor-heading-title elementor-size-small\">HIRSCHAPOTHEKE<\/h6>\t\t<\/div>\n\t\t\t\t<\/div>\n\t\t\t\t<div class=\"elementor-element elementor-element-856882e elementor-widget elementor-widget-text-editor\" data-id=\"856882e\" data-element_type=\"widget\" data-widget_type=\"text-editor.default\">\n\t\t\t\t<div class=\"elementor-widget-container\">\n\t\t\t<style>\/*! elementor - v3.11.5 - 14-03-2023 *\/\n.elementor-widget-text-editor.elementor-drop-cap-view-stacked .elementor-drop-cap{background-color:#818a91;color:#fff}.elementor-widget-text-editor.elementor-drop-cap-view-framed .elementor-drop-cap{color:#818a91;border:3px solid;background-color:transparent}.elementor-widget-text-editor:not(.elementor-drop-cap-view-default) .elementor-drop-cap{margin-top:8px}.elementor-widget-text-editor:not(.elementor-drop-cap-view-default) .elementor-drop-cap-letter{width:1em;height:1em}.elementor-widget-text-editor .elementor-drop-cap{float:left;text-align:center;line-height:1;font-size:50px}.elementor-widget-text-editor .elementor-drop-cap-letter{display:inline-block}<\/style>\t\t\t\t<p>Simone Schrack<br \/>Fon: 07024 81316<br \/><span class=\"Stil51\"> <a href=\"http:\/\/www.hirsch-apotheke-koengen.de\" target=\"_blank\" rel=\"noopener\">www.hirsch-apotheke-koengen.de<\/a><\/span><\/p>\t\t\t\t\t\t<\/div>\n\t\t\t\t<\/div>\n\t\t\t\t\t<\/div>\n\t\t<\/div>\n\t\t\t\t<div class=\"elementor-column elementor-col-33 elementor-top-column elementor-element elementor-element-886e8d0\" data-id=\"886e8d0\" data-element_type=\"column\">\n\t\t\t<div class=\"elementor-widget-wrap elementor-element-populated\">\n\t\t\t\t\t\t\t\t<div class=\"elementor-element elementor-element-0748f36 elementor-widget elementor-widget-image\" data-id=\"0748f36\" data-element_type=\"widget\" data-widget_type=\"image.default\">\n\t\t\t\t<div class=\"elementor-widget-container\">\n\t\t\t\t\t\t\t\t\t\t\t\t\t\t\t<img loading=\"lazy\" decoding=\"async\" width=\"319\" height=\"275\" src=\"http:\/\/www.bds-koengen.de\/wp-content\/uploads\/2023\/03\/optikneustadt.png\" class=\"attachment-large size-large wp-image-605\" alt=\"\" srcset=\"http:\/\/www.bds-koengen.de\/wp-content\/uploads\/2023\/03\/optikneustadt.png 319w, http:\/\/www.bds-koengen.de\/wp-content\/uploads\/2023\/03\/optikneustadt-300x259.png 300w\" sizes=\"auto, (max-width: 319px) 100vw, 319px\" \/>\t\t\t\t\t\t\t\t\t\t\t\t\t\t\t<\/div>\n\t\t\t\t<\/div>\n\t\t\t\t<div class=\"elementor-element elementor-element-0bf2c1c elementor-widget elementor-widget-heading\" data-id=\"0bf2c1c\" data-element_type=\"widget\" data-widget_type=\"heading.default\">\n\t\t\t\t<div class=\"elementor-widget-container\">\n\t\t\t<h6 class=\"elementor-heading-title elementor-size-small\">OPTIK NEUSTADT<\/h6>\t\t<\/div>\n\t\t\t\t<\/div>\n\t\t\t\t<div class=\"elementor-element elementor-element-3798ab3 elementor-widget elementor-widget-text-editor\" data-id=\"3798ab3\" data-element_type=\"widget\" data-widget_type=\"text-editor.default\">\n\t\t\t\t<div class=\"elementor-widget-container\">\n\t\t\t\t\t\t\t<p>Fon: 07024 82707<br \/><span class=\"Stil51\"><a href=\"http:\/\/www.optik-neustadt.de\" target=\"_blank\" rel=\"noopener\">www.optik-neustadt.de<\/a><\/span><\/p><p>\u00a0<\/p>\t\t\t\t\t\t<\/div>\n\t\t\t\t<\/div>\n\t\t\t\t\t<\/div>\n\t\t<\/div>\n\t\t\t\t<div class=\"elementor-column elementor-col-33 elementor-top-column elementor-element elementor-element-62758db\" data-id=\"62758db\" data-element_type=\"column\">\n\t\t\t<div class=\"elementor-widget-wrap elementor-element-populated\">\n\t\t\t\t\t\t\t\t<div class=\"elementor-element elementor-element-2527046 elementor-widget elementor-widget-image\" data-id=\"2527046\" data-element_type=\"widget\" data-widget_type=\"image.default\">\n\t\t\t\t<div class=\"elementor-widget-container\">\n\t\t\t\t\t\t\t\t\t\t\t\t\t\t\t<img loading=\"lazy\" decoding=\"async\" width=\"300\" height=\"116\" src=\"http:\/\/www.bds-koengen.de\/wp-content\/uploads\/2023\/03\/zahnarztzell-300x116.png\" class=\"attachment-medium size-medium wp-image-604\" alt=\"\" srcset=\"http:\/\/www.bds-koengen.de\/wp-content\/uploads\/2023\/03\/zahnarztzell-300x116.png 300w, http:\/\/www.bds-koengen.de\/wp-content\/uploads\/2023\/03\/zahnarztzell.png 700w\" sizes=\"auto, (max-width: 300px) 100vw, 300px\" \/>\t\t\t\t\t\t\t\t\t\t\t\t\t\t\t<\/div>\n\t\t\t\t<\/div>\n\t\t\t\t<div class=\"elementor-element elementor-element-a45fe7a elementor-widget elementor-widget-heading\" data-id=\"a45fe7a\" data-element_type=\"widget\" data-widget_type=\"heading.default\">\n\t\t\t\t<div class=\"elementor-widget-container\">\n\t\t\t<h6 class=\"elementor-heading-title elementor-size-small\">ZAHNARZT AM RATHAUS \nMARTIN SELL<\/h6>\t\t<\/div>\n\t\t\t\t<\/div>\n\t\t\t\t<div class=\"elementor-element elementor-element-8e84d19 elementor-widget elementor-widget-text-editor\" data-id=\"8e84d19\" data-element_type=\"widget\" data-widget_type=\"text-editor.default\">\n\t\t\t\t<div class=\"elementor-widget-container\">\n\t\t\t\t\t\t\t<p>Fon 07024 82633<\/p><p><span class=\"Stil51\"><a href=\"https:\/\/zahnarzt-am-rathaus.com\/\" target=\"_blank\" rel=\"noopener\">www.zahnarzt-am-rathaus.com<\/a><\/span><\/p>\t\t\t\t\t\t<\/div>\n\t\t\t\t<\/div>\n\t\t\t\t\t<\/div>\n\t\t<\/div>\n\t\t\t\t\t\t\t<\/div>\n\t\t<\/section>\n\t\t\t\t<section class=\"elementor-section elementor-top-section elementor-element elementor-element-c153bb3 elementor-section-boxed elementor-section-height-default elementor-section-height-default parallax_section_no qode_elementor_container_no\" data-id=\"c153bb3\" data-element_type=\"section\">\n\t\t\t\t\t\t<div class=\"elementor-container elementor-column-gap-default\">\n\t\t\t\t\t<div class=\"elementor-column elementor-col-33 elementor-top-column elementor-element elementor-element-7373f0a\" data-id=\"7373f0a\" data-element_type=\"column\">\n\t\t\t<div class=\"elementor-widget-wrap elementor-element-populated\">\n\t\t\t\t\t\t\t\t<div class=\"elementor-element elementor-element-329d96e elementor-widget elementor-widget-image\" data-id=\"329d96e\" data-element_type=\"widget\" data-widget_type=\"image.default\">\n\t\t\t\t<div class=\"elementor-widget-container\">\n\t\t\t\t\t\t\t\t\t\t\t\t\t\t\t<img loading=\"lazy\" decoding=\"async\" width=\"1024\" height=\"328\" src=\"http:\/\/www.bds-koengen.de\/wp-content\/uploads\/2023\/03\/BPS_Therapiezentrum_Logo-1152w-1024x328.png\" class=\"attachment-large size-large wp-image-599\" alt=\"\" srcset=\"http:\/\/www.bds-koengen.de\/wp-content\/uploads\/2023\/03\/BPS_Therapiezentrum_Logo-1152w-1024x328.png 1024w, http:\/\/www.bds-koengen.de\/wp-content\/uploads\/2023\/03\/BPS_Therapiezentrum_Logo-1152w-300x96.png 300w, http:\/\/www.bds-koengen.de\/wp-content\/uploads\/2023\/03\/BPS_Therapiezentrum_Logo-1152w-768x246.png 768w, http:\/\/www.bds-koengen.de\/wp-content\/uploads\/2023\/03\/BPS_Therapiezentrum_Logo-1152w-1536x492.png 1536w, http:\/\/www.bds-koengen.de\/wp-content\/uploads\/2023\/03\/BPS_Therapiezentrum_Logo-1152w-700x224.png 700w, http:\/\/www.bds-koengen.de\/wp-content\/uploads\/2023\/03\/BPS_Therapiezentrum_Logo-1152w.png 1920w\" sizes=\"auto, (max-width: 1024px) 100vw, 1024px\" \/>\t\t\t\t\t\t\t\t\t\t\t\t\t\t\t<\/div>\n\t\t\t\t<\/div>\n\t\t\t\t<div class=\"elementor-element elementor-element-d5a6cd9 elementor-widget elementor-widget-heading\" data-id=\"d5a6cd9\" data-element_type=\"widget\" data-widget_type=\"heading.default\">\n\t\t\t\t<div class=\"elementor-widget-container\">\n\t\t\t<h6 class=\"elementor-heading-title elementor-size-small\">THERAPIEZENTRUM K\u00d6NGEN\nANDREAS PETERS<\/h6>\t\t<\/div>\n\t\t\t\t<\/div>\n\t\t\t\t<div class=\"elementor-element elementor-element-1911e49 elementor-widget elementor-widget-text-editor\" data-id=\"1911e49\" data-element_type=\"widget\" data-widget_type=\"text-editor.default\">\n\t\t\t\t<div class=\"elementor-widget-container\">\n\t\t\t\t\t\t\t<p><span class=\"Stil51\">Fon: 07024 8098800<br \/><a href=\"https:\/\/www.therapiezentrum-koengen.de\/\" target=\"_blank\" rel=\"noopener\">www.therapiezentrum-koengen.de<\/a><\/span><\/p>\t\t\t\t\t\t<\/div>\n\t\t\t\t<\/div>\n\t\t\t\t\t<\/div>\n\t\t<\/div>\n\t\t\t\t<div class=\"elementor-column elementor-col-33 elementor-top-column elementor-element elementor-element-b590631\" data-id=\"b590631\" data-element_type=\"column\">\n\t\t\t<div class=\"elementor-widget-wrap elementor-element-populated\">\n\t\t\t\t\t\t\t\t<div class=\"elementor-element elementor-element-a55c6e8 elementor-widget elementor-widget-image\" data-id=\"a55c6e8\" data-element_type=\"widget\" data-widget_type=\"image.default\">\n\t\t\t\t<div class=\"elementor-widget-container\">\n\t\t\t\t\t\t\t\t\t\t\t\t\t\t\t<img loading=\"lazy\" decoding=\"async\" width=\"1024\" height=\"492\" src=\"http:\/\/www.bds-koengen.de\/wp-content\/uploads\/2023\/06\/Apotheken-Renz-o.Adr_-1024x492.jpg\" class=\"attachment-large size-large wp-image-1451\" alt=\"Apotheken-Renz\" srcset=\"http:\/\/www.bds-koengen.de\/wp-content\/uploads\/2023\/06\/Apotheken-Renz-o.Adr_-1024x492.jpg 1024w, http:\/\/www.bds-koengen.de\/wp-content\/uploads\/2023\/06\/Apotheken-Renz-o.Adr_-300x144.jpg 300w, http:\/\/www.bds-koengen.de\/wp-content\/uploads\/2023\/06\/Apotheken-Renz-o.Adr_-768x369.jpg 768w, http:\/\/www.bds-koengen.de\/wp-content\/uploads\/2023\/06\/Apotheken-Renz-o.Adr_-1536x738.jpg 1536w, http:\/\/www.bds-koengen.de\/wp-content\/uploads\/2023\/06\/Apotheken-Renz-o.Adr_-2048x984.jpg 2048w, http:\/\/www.bds-koengen.de\/wp-content\/uploads\/2023\/06\/Apotheken-Renz-o.Adr_-700x336.jpg 700w\" sizes=\"auto, (max-width: 1024px) 100vw, 1024px\" \/>\t\t\t\t\t\t\t\t\t\t\t\t\t\t\t<\/div>\n\t\t\t\t<\/div>\n\t\t\t\t<div class=\"elementor-element elementor-element-9d2a6dd elementor-widget elementor-widget-heading\" data-id=\"9d2a6dd\" data-element_type=\"widget\" data-widget_type=\"heading.default\">\n\t\t\t\t<div class=\"elementor-widget-container\">\n\t\t\t<h6 class=\"elementor-heading-title elementor-size-small\">R\u00d6MERAPOTHEKE<br>\nGR\u00dcNE APOTHEKE<br>\nKASTELLAPOTHEKE<\/h6>\t\t<\/div>\n\t\t\t\t<\/div>\n\t\t\t\t<div class=\"elementor-element elementor-element-f0e88a8 elementor-widget elementor-widget-text-editor\" data-id=\"f0e88a8\" data-element_type=\"widget\" data-widget_type=\"text-editor.default\">\n\t\t\t\t<div class=\"elementor-widget-container\">\n\t\t\t\t\t\t\t<p><span class=\"Stil51\"><span class=\"Stil10\">Andr\u00e9 Philipp Renz<br \/>Fon: 07024 81151<\/span><br \/><a href=\"https:\/\/apotheken-renz.de\/\" target=\"_blank\" rel=\"noopener\">www.apotheken-renz.de<\/a><br \/><\/span><\/p>\t\t\t\t\t\t<\/div>\n\t\t\t\t<\/div>\n\t\t\t\t\t<\/div>\n\t\t<\/div>\n\t\t\t\t<div class=\"elementor-column elementor-col-33 elementor-top-column elementor-element elementor-element-29c7a96\" data-id=\"29c7a96\" data-element_type=\"column\">\n\t\t\t<div class=\"elementor-widget-wrap elementor-element-populated\">\n\t\t\t\t\t\t\t\t<div class=\"elementor-element elementor-element-99d97b5 elementor-widget elementor-widget-image\" data-id=\"99d97b5\" data-element_type=\"widget\" data-widget_type=\"image.default\">\n\t\t\t\t<div class=\"elementor-widget-container\">\n\t\t\t\t\t\t\t\t\t\t\t\t\t\t\t<img loading=\"lazy\" decoding=\"async\" width=\"220\" height=\"155\" src=\"http:\/\/www.bds-koengen.de\/wp-content\/uploads\/2023\/03\/roemerpark.jpg\" class=\"attachment-medium size-medium wp-image-603\" alt=\"\" \/>\t\t\t\t\t\t\t\t\t\t\t\t\t\t\t<\/div>\n\t\t\t\t<\/div>\n\t\t\t\t<div class=\"elementor-element elementor-element-b263943 elementor-widget elementor-widget-heading\" data-id=\"b263943\" data-element_type=\"widget\" data-widget_type=\"heading.default\">\n\t\t\t\t<div class=\"elementor-widget-container\">\n\t\t\t<h6 class=\"elementor-heading-title elementor-size-small\">SENIORENSTIFT AM R\u00d6MERPARK\n<\/h6>\t\t<\/div>\n\t\t\t\t<\/div>\n\t\t\t\t<div class=\"elementor-element elementor-element-498a20a elementor-widget elementor-widget-text-editor\" data-id=\"498a20a\" data-element_type=\"widget\" data-widget_type=\"text-editor.default\">\n\t\t\t\t<div class=\"elementor-widget-container\">\n\t\t\t\t\t\t\t<p><span class=\"Stil51\">Marc Wilms GmbH &amp; Co. KG<br \/>Fon: 07024 5019910<br \/><\/span><a href=\"https:\/\/www.seniorenstift-am-roemerpark.de\/\" target=\"_blank\" rel=\"noopener\"><span class=\"Stil4\">www.seniorenstift-am-roemerpark.de<\/span><\/a><\/p><p>\u00a0<\/p>\t\t\t\t\t\t<\/div>\n\t\t\t\t<\/div>\n\t\t\t\t\t<\/div>\n\t\t<\/div>\n\t\t\t\t\t\t\t<\/div>\n\t\t<\/section>\n\t\t\t\t<section class=\"elementor-section elementor-top-section elementor-element elementor-element-c0c8b44 elementor-section-boxed elementor-section-height-default elementor-section-height-default parallax_section_no qode_elementor_container_no\" data-id=\"c0c8b44\" data-element_type=\"section\">\n\t\t\t\t\t\t<div class=\"elementor-container elementor-column-gap-default\">\n\t\t\t\t\t<div class=\"elementor-column elementor-col-100 elementor-top-column elementor-element elementor-element-5d391fa\" data-id=\"5d391fa\" data-element_type=\"column\">\n\t\t\t<div class=\"elementor-widget-wrap elementor-element-populated\">\n\t\t\t\t\t\t\t\t<div class=\"elementor-element elementor-element-0f188dc elementor-widget elementor-widget-spacer\" data-id=\"0f188dc\" data-element_type=\"widget\" data-widget_type=\"spacer.default\">\n\t\t\t\t<div class=\"elementor-widget-container\">\n\t\t\t<style>\/*! elementor - v3.11.5 - 14-03-2023 *\/\n.elementor-column .elementor-spacer-inner{height:var(--spacer-size)}.e-con{--container-widget-width:100%}.e-con-inner>.elementor-widget-spacer,.e-con>.elementor-widget-spacer{width:var(--container-widget-width,var(--spacer-size));--align-self:var(--container-widget-align-self,initial);--flex-shrink:0}.e-con-inner>.elementor-widget-spacer>.elementor-widget-container,.e-con-inner>.elementor-widget-spacer>.elementor-widget-container>.elementor-spacer,.e-con>.elementor-widget-spacer>.elementor-widget-container,.e-con>.elementor-widget-spacer>.elementor-widget-container>.elementor-spacer{height:100%}.e-con-inner>.elementor-widget-spacer>.elementor-widget-container>.elementor-spacer>.elementor-spacer-inner,.e-con>.elementor-widget-spacer>.elementor-widget-container>.elementor-spacer>.elementor-spacer-inner{height:var(--container-widget-height,var(--spacer-size))}<\/style>\t\t<div class=\"elementor-spacer\">\n\t\t\t<div class=\"elementor-spacer-inner\"><\/div>\n\t\t<\/div>\n\t\t\t\t<\/div>\n\t\t\t\t<\/div>\n\t\t\t\t\t<\/div>\n\t\t<\/div>\n\t\t\t\t\t\t\t<\/div>\n\t\t<\/section>\n\t\t\t\t<section class=\"elementor-section elementor-top-section elementor-element elementor-element-e745e98 elementor-section-boxed elementor-section-height-default elementor-section-height-default parallax_section_no qode_elementor_container_no\" data-id=\"e745e98\" data-element_type=\"section\">\n\t\t\t\t\t\t<div class=\"elementor-container elementor-column-gap-default\">\n\t\t\t\t\t<div class=\"elementor-column elementor-col-50 elementor-top-column elementor-element elementor-element-5a694fa\" data-id=\"5a694fa\" data-element_type=\"column\">\n\t\t\t<div class=\"elementor-widget-wrap\">\n\t\t\t\t\t\t\t\t\t<\/div>\n\t\t<\/div>\n\t\t\t\t<div class=\"elementor-column elementor-col-50 elementor-top-column elementor-element elementor-element-f716108\" data-id=\"f716108\" data-element_type=\"column\">\n\t\t\t<div class=\"elementor-widget-wrap\">\n\t\t\t\t\t\t\t\t\t<\/div>\n\t\t<\/div>\n\t\t\t\t\t\t\t<\/div>\n\t\t<\/section>\n\t\t\t\t\t\t\t<\/div>\n\t\t","protected":false},"excerpt":{"rendered":"<p>HIRSCHAPOTHEKE Simone SchrackFon: 07024 81316 www.hirsch-apotheke-koengen.de OPTIK NEUSTADT Fon: 07024 82707www.optik-neustadt.de \u00a0 ZAHNARZT AM RATHAUS MARTIN SELL Fon 07024 82633 www.zahnarzt-am-rathaus.com THERAPIEZENTRUM K\u00d6NGEN ANDREAS PETERS Fon: 07024 8098800www.therapiezentrum-koengen.de R\u00d6MERAPOTHEKE GR\u00dcNE APOTHEKE KASTELLAPOTHEKE Andr\u00e9 Philipp RenzFon: 07024 81151www.apotheken-renz.de SENIORENSTIFT AM R\u00d6MERPARK Marc Wilms GmbH &amp; Co&#8230;.<\/p>\n","protected":false},"author":1,"featured_media":613,"parent":0,"menu_order":0,"comment_status":"closed","ping_status":"closed","template":"","meta":{"footnotes":""},"class_list":["post-590","page","type-page","status-publish","has-post-thumbnail","hentry"],"_links":{"self":[{"href":"http:\/\/www.bds-koengen.de\/index.php\/wp-json\/wp\/v2\/pages\/590","targetHints":{"allow":["GET"]}}],"collection":[{"href":"http:\/\/www.bds-koengen.de\/index.php\/wp-json\/wp\/v2\/pages"}],"about":[{"href":"http:\/\/www.bds-koengen.de\/index.php\/wp-json\/wp\/v2\/types\/page"}],"author":[{"embeddable":true,"href":"http:\/\/www.bds-koengen.de\/index.php\/wp-json\/wp\/v2\/users\/1"}],"replies":[{"embeddable":true,"href":"http:\/\/www.bds-koengen.de\/index.php\/wp-json\/wp\/v2\/comments?post=590"}],"version-history":[{"count":43,"href":"http:\/\/www.bds-koengen.de\/index.php\/wp-json\/wp\/v2\/pages\/590\/revisions"}],"predecessor-version":[{"id":1455,"href":"http:\/\/www.bds-koengen.de\/index.php\/wp-json\/wp\/v2\/pages\/590\/revisions\/1455"}],"wp:featuredmedia":[{"embeddable":true,"href":"http:\/\/www.bds-koengen.de\/index.php\/wp-json\/wp\/v2\/media\/613"}],"wp:attachment":[{"href":"http:\/\/www.bds-koengen.de\/index.php\/wp-json\/wp\/v2\/media?parent=590"}],"curies":[{"name":"wp","href":"https:\/\/api.w.org\/{rel}","templated":true}]}}