{"id":267,"date":"2023-03-16T09:46:01","date_gmt":"2023-03-16T08:46:01","guid":{"rendered":"http:\/\/www.expo-koengen.de\/?page_id=267"},"modified":"2025-05-14T15:23:04","modified_gmt":"2025-05-14T13:23:04","slug":"mitglied-werden","status":"publish","type":"page","link":"http:\/\/www.bds-koengen.de\/index.php\/mitglied-werden\/","title":{"rendered":"Mitglied werden"},"content":{"rendered":"\t\t<div data-elementor-type=\"wp-page\" data-elementor-id=\"267\" class=\"elementor elementor-267\">\n\t\t\t\t\t\t\t\t\t<section class=\"elementor-section elementor-top-section elementor-element elementor-element-2c5c2ef elementor-section-boxed elementor-section-height-default elementor-section-height-default parallax_section_no qode_elementor_container_no\" data-id=\"2c5c2ef\" data-element_type=\"section\">\n\t\t\t\t\t\t<div class=\"elementor-container elementor-column-gap-default\">\n\t\t\t\t\t<div class=\"elementor-column elementor-col-100 elementor-top-column elementor-element elementor-element-8704272\" data-id=\"8704272\" data-element_type=\"column\">\n\t\t\t<div class=\"elementor-widget-wrap elementor-element-populated\">\n\t\t\t\t\t\t\t\t<div class=\"elementor-element elementor-element-069482b elementor-widget elementor-widget-text-editor\" data-id=\"069482b\" data-element_type=\"widget\" data-widget_type=\"text-editor.default\">\n\t\t\t\t<div class=\"elementor-widget-container\">\n\t\t\t<style>\/*! elementor - v3.11.5 - 14-03-2023 *\/\n.elementor-widget-text-editor.elementor-drop-cap-view-stacked .elementor-drop-cap{background-color:#818a91;color:#fff}.elementor-widget-text-editor.elementor-drop-cap-view-framed .elementor-drop-cap{color:#818a91;border:3px solid;background-color:transparent}.elementor-widget-text-editor:not(.elementor-drop-cap-view-default) .elementor-drop-cap{margin-top:8px}.elementor-widget-text-editor:not(.elementor-drop-cap-view-default) .elementor-drop-cap-letter{width:1em;height:1em}.elementor-widget-text-editor .elementor-drop-cap{float:left;text-align:center;line-height:1;font-size:50px}.elementor-widget-text-editor .elementor-drop-cap-letter{display:inline-block}<\/style>\t\t\t\t<h4 class=\"Stil61\">Hier k\u00f6nnen Sie Mitglied beim <span class=\"bundderselbst\">BUND DER SELBST\u00c4NDIGEN K\u00d6NGEN<\/span><br \/>werden &#8230;.\u00a0<\/h4><p class=\"Stil61\"><a href=\"http:\/\/www.bds-koengen.de\/wp-content\/uploads\/2023\/07\/BDS-Beitrittserklaerung.pdf\" target=\"_blank\" rel=\"noopener\">Download Beitrittserkl\u00e4rung<\/a><\/p><p class=\"Stil61\">F\u00fcllen Sie einfach die Beitrittserkl\u00e4rung aus und schicken Sie sie an unsere Gesch\u00e4ftsstelle:<\/p><p>Meisenweg 6,<br \/>Tel:<span style=\"color: #000000;\"> 01712202271\u00a0<\/span><br \/>email:<a href=\"mailto:info@bds-koengen.de\"> info@bds-koengen.de<\/a><\/p><p class=\"Stil61\">Satzung des BDS K\u00f6ngen <a href=\"http:\/\/www.bds-koengen.de\/wp-content\/uploads\/2025\/05\/Satzung-neu-2025.pdf\" target=\"_blank\" rel=\"noopener\">-download-<\/a><\/p>\t\t\t\t\t\t<\/div>\n\t\t\t\t<\/div>\n\t\t\t\t\t<\/div>\n\t\t<\/div>\n\t\t\t\t\t\t\t<\/div>\n\t\t<\/section>\n\t\t\t\t\t\t\t<\/div>\n\t\t","protected":false},"excerpt":{"rendered":"<p>Hier k\u00f6nnen Sie Mitglied beim BUND DER SELBST\u00c4NDIGEN K\u00d6NGENwerden &#8230;.\u00a0 Download Beitrittserkl\u00e4rung F\u00fcllen Sie einfach die Beitrittserkl\u00e4rung aus und schicken Sie sie an unsere Gesch\u00e4ftsstelle: Meisenweg 6,Tel: 01712202271\u00a0email: info@bds-koengen.de Satzung des BDS K\u00f6ngen -download-<\/p>\n","protected":false},"author":1,"featured_media":0,"parent":0,"menu_order":0,"comment_status":"closed","ping_status":"closed","template":"","meta":{"footnotes":""},"class_list":["post-267","page","type-page","status-publish","hentry"],"_links":{"self":[{"href":"http:\/\/www.bds-koengen.de\/index.php\/wp-json\/wp\/v2\/pages\/267","targetHints":{"allow":["GET"]}}],"collection":[{"href":"http:\/\/www.bds-koengen.de\/index.php\/wp-json\/wp\/v2\/pages"}],"about":[{"href":"http:\/\/www.bds-koengen.de\/index.php\/wp-json\/wp\/v2\/types\/page"}],"author":[{"embeddable":true,"href":"http:\/\/www.bds-koengen.de\/index.php\/wp-json\/wp\/v2\/users\/1"}],"replies":[{"embeddable":true,"href":"http:\/\/www.bds-koengen.de\/index.php\/wp-json\/wp\/v2\/comments?post=267"}],"version-history":[{"count":20,"href":"http:\/\/www.bds-koengen.de\/index.php\/wp-json\/wp\/v2\/pages\/267\/revisions"}],"predecessor-version":[{"id":2071,"href":"http:\/\/www.bds-koengen.de\/index.php\/wp-json\/wp\/v2\/pages\/267\/revisions\/2071"}],"wp:attachment":[{"href":"http:\/\/www.bds-koengen.de\/index.php\/wp-json\/wp\/v2\/media?parent=267"}],"curies":[{"name":"wp","href":"https:\/\/api.w.org\/{rel}","templated":true}]}}